{"id":2007,"date":"2023-08-15T11:11:31","date_gmt":"2023-08-15T09:11:31","guid":{"rendered":"https:\/\/remember360.de\/?page_id=2007"},"modified":"2024-01-03T15:43:24","modified_gmt":"2024-01-03T14:43:24","slug":"registrieren","status":"publish","type":"page","link":"https:\/\/remember360.de\/?page_id=2007","title":{"rendered":"Registrieren"},"content":{"rendered":"\t\t<div data-elementor-type=\"wp-page\" data-elementor-id=\"2007\" class=\"elementor elementor-2007\">\n\t\t\t\t\t\t\t\t\t<section class=\"elementor-section elementor-top-section elementor-element elementor-element-13056f1 elementor-section-height-min-height elementor-section-boxed elementor-section-height-default elementor-section-items-middle\" data-id=\"13056f1\" data-element_type=\"section\" data-settings=\"{&quot;background_background&quot;:&quot;classic&quot;}\">\n\t\t\t\t\t\t\t<div class=\"elementor-background-overlay\"><\/div>\n\t\t\t\t\t\t\t<div class=\"elementor-container elementor-column-gap-default\">\n\t\t\t\t\t<div class=\"elementor-column elementor-col-100 elementor-top-column elementor-element elementor-element-57e6848\" data-id=\"57e6848\" data-element_type=\"column\">\n\t\t\t<div class=\"elementor-widget-wrap elementor-element-populated\">\n\t\t\t\t\t\t\t\t<section class=\"elementor-section elementor-inner-section elementor-element elementor-element-be11330 elementor-section-content-middle elementor-section-boxed elementor-section-height-default elementor-section-height-default\" data-id=\"be11330\" data-element_type=\"section\" data-settings=\"{&quot;background_background&quot;:&quot;classic&quot;}\">\n\t\t\t\t\t\t<div class=\"elementor-container elementor-column-gap-default\">\n\t\t\t\t\t<div class=\"elementor-column elementor-col-100 elementor-inner-column elementor-element elementor-element-b3681cb\" data-id=\"b3681cb\" data-element_type=\"column\">\n\t\t\t<div class=\"elementor-widget-wrap elementor-element-populated\">\n\t\t\t\t\t\t\t\t<div class=\"elementor-element elementor-element-43f3449 elementor-widget elementor-widget-heading\" data-id=\"43f3449\" data-element_type=\"widget\" data-widget_type=\"heading.default\">\n\t\t\t\t<div class=\"elementor-widget-container\">\n\t\t\t<style>\/*! elementor - v3.18.0 - 20-12-2023 *\/\n.elementor-heading-title{padding:0;margin:0;line-height:1}.elementor-widget-heading .elementor-heading-title[class*=elementor-size-]>a{color:inherit;font-size:inherit;line-height:inherit}.elementor-widget-heading .elementor-heading-title.elementor-size-small{font-size:15px}.elementor-widget-heading .elementor-heading-title.elementor-size-medium{font-size:19px}.elementor-widget-heading .elementor-heading-title.elementor-size-large{font-size:29px}.elementor-widget-heading .elementor-heading-title.elementor-size-xl{font-size:39px}.elementor-widget-heading .elementor-heading-title.elementor-size-xxl{font-size:59px}<\/style><h3 class=\"elementor-heading-title elementor-size-default\">Registrierung<\/h3>\t\t<\/div>\n\t\t\t\t<\/div>\n\t\t\t\t<div class=\"elementor-element elementor-element-02e3a7e elementor-widget elementor-widget-shortcode\" data-id=\"02e3a7e\" data-element_type=\"widget\" data-widget_type=\"shortcode.default\">\n\t\t\t\t<div class=\"elementor-widget-container\">\n\t\t\t\t\t<div class=\"elementor-shortcode\"><!--noptimize--><div class=\"rmagic rm_theme_default rm_layout_label_top\"><style><\/style><style><\/style><div class=\"rmcontent\"><pre class=\"rm-pre-wrapper-for-script-tags\"><script>\n                \nif (typeof window['rm_multipage'] == 'undefined') {\n\n    rm_multipage = {\n        global_page_no_form_3_1: 1\n    };\n\n}\nelse\n rm_multipage.global_page_no_form_3_1 = 1;\n\nfunction gotonext_form_3_1(){\n        \/* Making sure action attribute is empty *\/\n        jQuery(\"form.rmagic-form\").attr(\"action\",\"\");\n        maxpage = 1 ;\n        var form_object= jQuery(\"#rm_form_page_form_3_1_\"+rm_multipage.global_page_no_form_3_1).closest(\"form\");\n        var submit_btn= form_object.find(\"[type=submit]:not(.rm_noscript_btn)\");\n                jQuery.validator.setDefaults({errorClass: 'rm-form-field-invalid-msg',\n                                        ignore:':hidden,.ignore,:not(:visible),.rm_untouched',wrapper:'div',\n                                       errorPlacement: function(error, element) {\n                                                            \/\/error.appendTo(element.closest('.rminput'));\n                                                            error.appendTo(element.closest('div'));\n                                                          },\n                                      rules: {        \n        password: {\n            required: true,\n            minlength: 7\n        },\n        password_confirmation: {\n            required: true,\n            equalTo: \"#rm_reg_form_pw_3_1\"\n        },\n        email_confirmation: {\n            required: true,\n            equalTo: \"#rm_reg_form_email_3_1\"\n        }\n            },\n        messages: {\n        password_confirmation: {\n            equalTo: \"Die eingegebenen Passw\u00f6rter stimmen nicht \u00fcberein. Bitte \u00fcberpr\u00fcfe sie erneut.\"\n        },\n        email_confirmation: {\n            equalTo: \"Emails stimmen nicht \u00fcberein\"\n        }\n            }\n                                    });\n        form_object.find('input.rm_price_field_quantity').each(function() {\n            if(typeof jQuery(this).attr('min') == 'undefined') {\n                jQuery(this).attr('min', 0);\n            }\n        });\n        if(form_object.find('.rm_privacy_cb').is(':visible')) {\n            if(!form_object.find('.rm_privacy_cb').prop('checked')){\n                \/\/form_object.find('.rm_privacy_cb').trigger('change');\n                form_object.find('.rm_privacy_cb').focus();\n                form_object.find('.rm_privacy_cb').parent().parent().siblings('div.rm-form-error-message').show();\n                return false;\n            }\n        }\n        if(jQuery(\"#rm_form_page_form_3_1_\"+rm_multipage.global_page_no_form_3_1+\" :input\").length > 0)\n        {\n            var elements_to_validate= jQuery(\"#rm_form_page_form_3_1_\"+rm_multipage.global_page_no_form_3_1+\" :input\");\n            var valid = elements_to_validate.valid();\n            elements_to_validate.each(function(){\n            var if_mobile= jQuery(this).attr('data-mobile-intel-field');\n            if(if_mobile){\n                var tel_error = rm_toggle_tel_error(this.dataset.validnumber,jQuery(this),jQuery(this).data('error-message'));\n                if(tel_error){\n                    valid= false;\n                }\n                else\n                {\n                    jQuery(this).val(this.dataset.fullnumber);\n                }\n            }\n            });\n                \n            if(!valid)\n            {\n                setTimeout(function(){ submit_btn.prop('disabled',false); }, 1000);\n                var error_element= jQuery(document).find(\"input.rm-form-field-invalid-msg\")[0];\n                if(error_element){\n                    error_element.focus();\n                }\n                return false;\n            }\n        }\n        \n        \/* Server validation for Username and Email field *\/\n        for(var i=0;i<rm_validation_attr.length;i++){\n            var validation_flag= true;\n            jQuery(\"[\" + rm_validation_attr[i] + \"=0]\").each(function(){\n               validation_flag= false;\n               return false;\n            });\n            \n            if(!validation_flag)\n              return;\n        }\n        \n        \n        rm_multipage.global_page_no_form_3_1++;\n        \n        \/*skip blank form pages*\/\n        while(jQuery(\"#rm_form_page_form_3_1_\"+rm_multipage.global_page_no_form_3_1+\" :input\").length == 0)\n        {\n        \n            if(maxpage <= rm_multipage.global_page_no_form_3_1)\n            {\n                    if(jQuery(\"#rm_form_page_form_3_1_\"+rm_multipage.global_page_no_form_3_1+\" :input\").length == 0){\n                        jQuery(\"#rm_next_form_page_button_3_1\").prop('type','submit');\n                        jQuery(\"#rm_prev_form_page_button_3_1\").prop('disabled',true);\n                        return;\n                    }        \n                    else\n                        break;\n            }\n        \n            rm_multipage.global_page_no_form_3_1++;\n        }\n            \n\t\n\tif(maxpage < rm_multipage.global_page_no_form_3_1)\n\t{\n\t\trm_multipage.global_page_no_form_3_1 = maxpage;\n\t\tjQuery(\"#rm_next_form_page_button_3_1\").prop('type','submit');\n                jQuery(\"#rm_prev_form_page_button_3_1\").prop('disabled',true);\n\t\treturn;\n\t}\n\tjQuery(\".rmformpage_form_3_1\").each(function (){\n\t\tvar visibledivid = \"rm_form_page_form_3_1_\"+rm_multipage.global_page_no_form_3_1;\n\t\tif(jQuery(this).attr('id') == visibledivid)\n\t\t\tjQuery(this).show();\n\t\telse\n\t\t\tjQuery(this).hide();\n\t});\n        jQuery('html, body').animate({\n            scrollTop: (jQuery('.rmformpage_form_3_1').first().offset().top)\n        },500);\n        jQuery(\"#rm_prev_form_page_button_3_1\").prop('disabled',false);\n        rmInitGoogleApi();\n}\nfunction gotoprev_form_3_1(){\n\t\n\tmaxpage = 1 ;\n        var form_object= jQuery(\"#rm_form_page_form_3_1_\"+rm_multipage.global_page_no_form_3_1).closest(\"form\");\n\trm_multipage.global_page_no_form_3_1--;\n        jQuery(\"#rm_next_form_page_button_3_1\").attr('type','button');\n        \/*\n        if(form_object.find('.rm_privacy_cb').is(':visible')) {\n            if(!form_object.find('.rm_privacy_cb').prop('checked')){\n                \/\/form_object.find('.rm_privacy_cb').trigger('change');\n                form_object.find('.rm_privacy_cb').focus();\n                form_object.find('.rm_privacy_cb').parent().parent().siblings('div.rm-form-error-message').show();\n                return false;\n            }\n        }\n        *\/\n        \/*skip blank form pages*\/\n        while(jQuery(\"#rm_form_page_form_3_1_\"+rm_multipage.global_page_no_form_3_1+\" :input\").length == 0)\n        {\n            if(1 >= rm_multipage.global_page_no_form_3_1)\n            {\n                    if(jQuery(\"#rm_form_page_form_3_1_\"+rm_multipage.global_page_no_form_3_1+\" :input\").length == 0){\n                        rm_multipage.global_page_no_form_3_1 = 1;\n                        jQuery(\"#rm_prev_form_page_button_3_1\").prop('disabled',true);\n                        return;\n                    }        \n                    else\n                        break;\n            }\n        \n            rm_multipage.global_page_no_form_3_1--;\n        }\n        \n\tjQuery(\".rmformpage_form_3_1\").each(function (){\n\t\tvar visibledivid = \"rm_form_page_form_3_1_\"+rm_multipage.global_page_no_form_3_1;\n\t\tif(jQuery(this).attr('id') == visibledivid)\n\t\t\tjQuery(this).show();\n\t\telse\n\t\t\tjQuery(this).hide();\n\t});\n        \n        if(rm_multipage.global_page_no_form_3_1 <= 1)\n        {\n            rm_multipage.global_page_no_form_3_1 = 1;\n            jQuery(\"#rm_prev_form_page_button_3_1\").prop('disabled',true);\n        }\n        jQuery('html, body').animate({\n            scrollTop: (jQuery('.rmformpage_form_3_1').first().offset().top)\n        },500);\n}         \n<\/script><\/pre><style type=\"text\/css\">label span.required { color: #B94A48; }span.help-inline, span.help-block { color: #888; font-size: .9em; font-style: italic; }<\/style><form novalidate onsubmit=\"return gotonext_form_3_1()\" autocomplete=\"off\" action id=\"form_3_1\" method=\"post\" class=\"rmagic-form rmagic-form-btn-center form-vertical\" name=\"rm_form\" number=\"1\" style><fieldset><input type=\"hidden\" name=\"rm_form_sub_id\" value=form_3_1><input type=\"hidden\" name=\"rm_form_sub_no\" value=1><input type=\"hidden\" name=\"rm_cond_hidden_fields\" id=\"rm_cond_hidden_fields\" value=\"\"><div id=\"rm_stat_container\"><div class=\"rmagic-field\"><label class=\"rmfield\" for=\"form_3_1-element-1\" style=\"\">RM_Stats<\/label><div class=\"rminput\"><input type=\"text\" name=\"stat_id\" value=\"__uninit\" style=\"display:none\" id=\"form_3_1-element-1\"\/><\/div><\/div><\/div><div class=\"rm_form_page rmformpage_form_3_1\" id=\"rm_form_page_form_3_1_1\"><fieldset class='rmfieldset'><div class=\"rmagic-row\" data-bmargin=\"0\"><div class=\"rmagic-fields-wrap\"><div class=\"rmagic-col rmagic-col-6\"><div class=\"rmagic-field\"><label class=\"rmfield\" for=\"form_3_1-element-8\" style=\"\">Vorname<sup class=\"required\">&nbsp;*<\/sup><\/label><div class=\"rminput\"><input type=\"text\" name=\"Fname_17\" placeholder=\"Vorname\" maxlength=\"20\" minlength=\"1\" required rm_textbox=\"Nutzereingabe\" value=\"\" id=\"form_3_1-element-8\"\/><\/div><\/div><\/div><div class=\"rmagic-col rmagic-col-6\"><div class=\"rmagic-field\"><label class=\"rmfield\" for=\"form_3_1-element-11\" style=\"\">Nutzername<sup class=\"required\">&nbsp;*<\/sup><\/label><div class=\"rminput\"><input type=\"text\" name=\"username\" placeholder=\"Nutzername\" required value=\"\" id=\"form_3_1-element-11\"\/><\/div><\/div><\/div><\/div><\/div><div class=\"rmagic-row\" data-bmargin=\"0\"><div class=\"rmagic-fields-wrap\"><div class=\"rmagic-col rmagic-col-12\"><div class=\"rmagic-field\"><label class=\"rmfield\" for=\"rm_reg_form_pw_3_1\" style=\"\">Passwort<sup class=\"required\">&nbsp;*<\/sup><\/label><div class=\"rminput\"><input type=\"password\" name=\"pwd\" placeholder=\"Passwort\" required value=\"\" id=\"rm_reg_form_pw_3_1\" style labelstyle=\"\" minlength=\"7\"\/><\/div><div class=\"rmnote\"><div class=\"rmprenote\"><\/div><div class=\"rmnotecontent\">Mindestl\u00e4nge ist 7<\/div><\/div><\/div><\/div><div class=\"rmagic-col rmagic-col-12\"><div class=\"rmagic-field\"><label class=\"rmfield\" for=\"rm_reg_form_pw_reentry\" style=\"\">Passwort erneut eingeben<sup class=\"required\">&nbsp;*<\/sup><\/label><div class=\"rminput\"><input type=\"password\" name=\"password_confirmation\" placeholder=\"Wiederhole dein Passwort.\" required value=\"\" id=\"rm_reg_form_pw_reentry\"\/><\/div><div class=\"rmnote\"><div class=\"rmprenote\"><\/div><div class=\"rmnotecontent\">Mindestl\u00e4nge ist 7<\/div><\/div><\/div><\/div><\/div><\/div><div class=\"rmagic-row\" data-bmargin=\"0\"><div class=\"rmagic-fields-wrap\"><div class=\"rmagic-col rmagic-col-12\"><div class=\"rmagic-field\"><label class=\"rmfield\" for=\"rm_reg_form_email_3_1\" style=\"\">E-mail<sup class=\"required\">&nbsp;*<\/sup><\/label><div class=\"rminput\"><input type=\"email\" name=\"Email_16\" placeholder=\"deine E-mail\" required value=\"\" id=\"rm_reg_form_email_3_1\"\/><\/div><\/div><\/div><div class=\"rmagic-col rmagic-col-12\"><div class=\"rmagic-field\"><label class=\"rmfield\" for=\"rm_reg_form_email_reentry\" style=\"\">E-Mail erneut eingeben<sup class=\"required\">&nbsp;*<\/sup><\/label><div class=\"rminput\"><input type=\"email\" name=\"email_confirmation\" placeholder=\"Wiederhole deine E-Mail.\" required value=\"\" id=\"rm_reg_form_email_reentry\"\/><\/div><\/div><\/div><\/div><\/div><\/fieldset><\/div><div class=\"buttonarea\"><input   type=\"submit\" value=\"Abschicken\" name=\"rm_sb_btn\" style=\"\" id=\"rm_next_form_page_button_3_1\" class=\"rm_next_btn rm-btn rm-btn-primary button button-primary\"\/> <input   type=\"submit\" value=\"Abschicken\" name=\"rm_sb_btn\" style=\"\" class=\"rm_noscript_btn rm-btn rm-btn-primary button button-primary\" id=\"form_3_1-element-38\"\/><\/div><\/fieldset><\/form><pre class=\"rm-pre-wrapper-for-script-tags\"><script type=\"text\/javascript\">jQuery(document).ready(function() {\t\tjQuery(\"#form_3_1\").bind(\"submit\", function(){\n                        \/\/jQuery(this).find(\"input[name=rm_slug]\").attr(\"value\",jQuery(this).find(\"input[name=submit]\").attr(\"value\"));\n\t\t\tjQuery(this).find(\"input[type=submit]\").attr(\"disabled\", \"disabled\"); \n\t\t});jQuery('#form_3_1-element-11').change(function(){\n                var data = {\n                    'action': 'rm_user_exists',\n                    'rm_sec_nonce': '19a6dcaaa4',\n                    'rm_slug': 'rm_user_exists',\n                    'username': jQuery(this).val(),\n                    'attr': 'data-rm-valid-username',\n                    'form_id': '3'\n                };\n                rm_user_exists(this,rm_ajax_url,data,'This username has already been taken. Please try again with a different username.');\n                });\n                        \n                   \n                   jQuery(\"#rm_reg_form_email_3_1\").change(function(){\n                   var data = {\n                           'action': 'rm_user_exists',\n                           'rm_sec_nonce': '19a6dcaaa4',\n                           'rm_slug': 'rm_user_exists',\n                           'email': jQuery(this).val(),\n                           'attr': 'data-rm-valid-email',\n                           'form_id':\"3\"\n                   };\n                   \n                   rm_user_exists(this,rm_ajax_url,data);\n                  \n                 });\n                       \n                   \n                   jQuery(\"#rm_reg_form_email_reentry\").change(function(){\n                   var data = {\n                           'action': 'rm_user_exists',\n                           'rm_sec_nonce': '19a6dcaaa4',\n                           'rm_slug': 'rm_user_exists',\n                           'email': jQuery(this).val(),\n                           'attr': 'data-rm-valid-email',\n                           'form_id':\"3\"\n                   };\n                   \n                   rm_user_exists(this,rm_ajax_url,data);\n                  \n                 });\n           }); <\/script><\/pre>        <noscript>\n            <div class=\"rm-js-disabled\"><b>Hinweis: Es sieht so aus, als ob JavaScript in deinem Browser deaktiviert ist. Einige Elemente dieses Formulars ben\u00f6tigen JavaScript, um richtig zu funktionieren. Wenn du Probleme beim Absenden des Formulars hast, versuche, JavaScript kurzzeitig zu aktivieren und erneut abzusenden. Die JavaScript-Einstellungen findest du in der Regel in den Browser-Einstellungen oder im Men\u00fc des Browser-Entwicklers.<\/b><\/div>\n            <style>\n                .rm_next_btn {display:none !important}\n                .rm_noscript_btn {display: block !important}\n            <\/style>\n        <\/noscript>\n    <\/div><\/div><!--\/noptimize--><\/div>\n\t\t\t\t<\/div>\n\t\t\t\t<\/div>\n\t\t\t\t\t<\/div>\n\t\t<\/div>\n\t\t\t\t\t\t\t<\/div>\n\t\t<\/section>\n\t\t\t\t<section class=\"elementor-section elementor-inner-section elementor-element elementor-element-f26ee16 elementor-section-boxed elementor-section-height-default elementor-section-height-default\" data-id=\"f26ee16\" data-element_type=\"section\" data-settings=\"{&quot;background_background&quot;:&quot;classic&quot;}\">\n\t\t\t\t\t\t<div class=\"elementor-container elementor-column-gap-default\">\n\t\t\t\t\t<div class=\"elementor-column elementor-col-100 elementor-inner-column elementor-element elementor-element-18ecf9d\" data-id=\"18ecf9d\" data-element_type=\"column\">\n\t\t\t<div class=\"elementor-widget-wrap elementor-element-populated\">\n\t\t\t\t\t\t\t\t<div class=\"elementor-element elementor-element-76d3ab3 elementor-widget elementor-widget-heading\" data-id=\"76d3ab3\" data-element_type=\"widget\" data-widget_type=\"heading.default\">\n\t\t\t\t<div class=\"elementor-widget-container\">\n\t\t\t<div class=\"elementor-heading-title elementor-size-default\">Hast du schon ein Account?<\/div>\t\t<\/div>\n\t\t\t\t<\/div>\n\t\t\t\t<div class=\"elementor-element elementor-element-94e82bf elementor-widget elementor-widget-heading\" data-id=\"94e82bf\" data-element_type=\"widget\" data-widget_type=\"heading.default\">\n\t\t\t\t<div class=\"elementor-widget-container\">\n\t\t\t<h2 class=\"elementor-heading-title elementor-size-default\"><a href=\"https:\/\/remember360.de\/?page_id=1976\">Hier anmelden<\/a><\/h2>\t\t<\/div>\n\t\t\t\t<\/div>\n\t\t\t\t\t<\/div>\n\t\t<\/div>\n\t\t\t\t\t\t\t<\/div>\n\t\t<\/section>\n\t\t\t\t\t<\/div>\n\t\t<\/div>\n\t\t\t\t\t\t\t<\/div>\n\t\t<\/section>\n\t\t\t\t\t\t\t<\/div>\n\t\t","protected":false},"excerpt":{"rendered":"<p>Registrierung Hast du schon ein Account? Hier anmelden<\/p>\n","protected":false},"author":1,"featured_media":0,"parent":0,"menu_order":0,"comment_status":"closed","ping_status":"closed","template":"elementor_canvas","meta":{"site-sidebar-layout":"no-sidebar","site-content-layout":"page-builder","ast-site-content-layout":"default","site-content-style":"default","site-sidebar-style":"default","ast-global-header-display":"","ast-banner-title-visibility":"","ast-main-header-display":"","ast-hfb-above-header-display":"","ast-hfb-below-header-display":"","ast-hfb-mobile-header-display":"","site-post-title":"disabled","ast-breadcrumbs-content":"","ast-featured-img":"disabled","footer-sml-layout":"","theme-transparent-header-meta":"","adv-header-id-meta":"","stick-header-meta":"","header-above-stick-meta":"","header-main-stick-meta":"","header-below-stick-meta":"","astra-migrate-meta-layouts":"set","footnotes":""},"_links":{"self":[{"href":"https:\/\/remember360.de\/index.php?rest_route=\/wp\/v2\/pages\/2007"}],"collection":[{"href":"https:\/\/remember360.de\/index.php?rest_route=\/wp\/v2\/pages"}],"about":[{"href":"https:\/\/remember360.de\/index.php?rest_route=\/wp\/v2\/types\/page"}],"author":[{"embeddable":true,"href":"https:\/\/remember360.de\/index.php?rest_route=\/wp\/v2\/users\/1"}],"replies":[{"embeddable":true,"href":"https:\/\/remember360.de\/index.php?rest_route=%2Fwp%2Fv2%2Fcomments&post=2007"}],"version-history":[{"count":58,"href":"https:\/\/remember360.de\/index.php?rest_route=\/wp\/v2\/pages\/2007\/revisions"}],"predecessor-version":[{"id":2262,"href":"https:\/\/remember360.de\/index.php?rest_route=\/wp\/v2\/pages\/2007\/revisions\/2262"}],"wp:attachment":[{"href":"https:\/\/remember360.de\/index.php?rest_route=%2Fwp%2Fv2%2Fmedia&parent=2007"}],"curies":[{"name":"wp","href":"https:\/\/api.w.org\/{rel}","templated":true}]}}